{"id":5577,"date":"2023-02-06T23:49:35","date_gmt":"2023-02-06T23:49:35","guid":{"rendered":"https:\/\/segurosruge.com\/?post_type=product&#038;p=5577"},"modified":"2023-02-07T00:13:15","modified_gmt":"2023-02-07T00:13:15","slug":"asistencia-exequial-plan-presencial-excelencia","status":"publish","type":"product","link":"https:\/\/segurosruge.com\/index.php\/product\/asistencia-exequial-plan-presencial-excelencia\/","title":{"rendered":"Asistencia Exequial PLAN PRESENCIAL EXCELENCIA"},"content":{"rendered":"<ul>\n<li>Cofre f\u00fanebre especial 3 referencias &#8211; Sala de Velaci\u00f3n de lujo hasta 24 horas en funerarias<br \/>\ndel norte de Bogot\u00e1 o equivalentes a nivel nacional &#8211; Servicio de cafeter\u00eda &#8211; Asesor\u00eda personalizada desde el lugar de<br \/>\nresidencia,cl\u00ednica,hospital omedicina legal.<\/li>\n<li>SERVICIOS FUNERARIOS: Tr\u00e1mites legales y notariales, traslado urbano al laboratorio, funeraria, iglesia y cementerio, arreglo del cuerpo, arreglo floral, servicio de cafeter\u00eda, carteles, veh\u00edculo para acompa\u00f1antes, ceremonia religiosa,traslado a\u00e9reo (no incluye vuelo charter) o terrestre entre dos localidades, para el cuerpo del fallecido.<\/li>\n<li>SERVICIO DE CEMENTERIO: Lote o b\u00f3veda por cuatro (4) a\u00f1os en cementerio, servicios de exhumaci\u00f3n y suministro de osario hasta por un valor de un (1) SMMLV en cementerios y su equivalente a nivel nacional. Esto dependedequeel clientetengacontrato vigentecon laempresayest\u00e9 ald\u00eda.<\/li>\n<li>SERVICIO DE CREMACION: El usuario podr\u00e1 optar por la cremaci\u00f3n \u00fanicamente en ciudades donde existe servicio local de horno crematorio (o en los casos estipulados por la ley, donde la cremaci\u00f3n como \u00fanica alternativa) la cual est\u00e1 compuesta de los siguientes elementos:Cremaci\u00f3n, urna para cenizas y cenizario hasta por 1 SMMLV.<\/li>\n<\/ul>\n","protected":false},"excerpt":{"rendered":"<ul>\n<li>Cofre f\u00fanebre especial 3 referencias &#8211; Sala de Velaci\u00f3n de lujo hasta 24 horas en funerarias<br \/>\ndel norte de Bogot\u00e1 o equivalentes a nivel nacional &#8211; Servicio de cafeter\u00eda &#8211; Asesor\u00eda personalizada desde el lugar de<br \/>\nresidencia,cl\u00ednica,hospital omedicina legal.<\/li>\n<\/ul>\n","protected":false},"featured_media":5580,"comment_status":"open","ping_status":"closed","template":"","meta":{"om_disable_all_campaigns":false,"_monsterinsights_skip_tracking":false,"_monsterinsights_sitenote_active":false,"_monsterinsights_sitenote_note":"","_monsterinsights_sitenote_category":0},"product_brand":[],"product_cat":[15],"product_tag":[],"class_list":{"0":"post-5577","1":"product","2":"type-product","3":"status-publish","4":"has-post-thumbnail","6":"product_cat-uncategorized","8":"first","9":"instock","10":"shipping-taxable","11":"purchasable","12":"product-type-simple"},"aioseo_notices":[],"_links":{"self":[{"href":"https:\/\/segurosruge.com\/index.php\/wp-json\/wp\/v2\/product\/5577","targetHints":{"allow":["GET"]}}],"collection":[{"href":"https:\/\/segurosruge.com\/index.php\/wp-json\/wp\/v2\/product"}],"about":[{"href":"https:\/\/segurosruge.com\/index.php\/wp-json\/wp\/v2\/types\/product"}],"replies":[{"embeddable":true,"href":"https:\/\/segurosruge.com\/index.php\/wp-json\/wp\/v2\/comments?post=5577"}],"wp:featuredmedia":[{"embeddable":true,"href":"https:\/\/segurosruge.com\/index.php\/wp-json\/wp\/v2\/media\/5580"}],"wp:attachment":[{"href":"https:\/\/segurosruge.com\/index.php\/wp-json\/wp\/v2\/media?parent=5577"}],"wp:term":[{"taxonomy":"product_brand","embeddable":true,"href":"https:\/\/segurosruge.com\/index.php\/wp-json\/wp\/v2\/product_brand?post=5577"},{"taxonomy":"product_cat","embeddable":true,"href":"https:\/\/segurosruge.com\/index.php\/wp-json\/wp\/v2\/product_cat?post=5577"},{"taxonomy":"product_tag","embeddable":true,"href":"https:\/\/segurosruge.com\/index.php\/wp-json\/wp\/v2\/product_tag?post=5577"}],"curies":[{"name":"wp","href":"https:\/\/api.w.org\/{rel}","templated":true}]}}