{"id":5574,"date":"2023-02-06T23:36:55","date_gmt":"2023-02-06T23:36:55","guid":{"rendered":"https:\/\/segurosruge.com\/?post_type=product&#038;p=5574"},"modified":"2023-02-06T23:57:56","modified_gmt":"2023-02-06T23:57:56","slug":"asistencia-exequial-plan-presencial-abuelos","status":"publish","type":"product","link":"https:\/\/segurosruge.com\/index.php\/product\/asistencia-exequial-plan-presencial-abuelos\/","title":{"rendered":"Asistencia Exequial PLAN PRESENCIAL ABUELOS"},"content":{"rendered":"<ul>\n<li>Cofre f\u00fanebre especial 3 referencias &#8211; Sala de Velaci\u00f3n de lujo hasta 24 horas en funerarias<br \/>\ndel norte de Bogot\u00e1 o equivalentes a nivel nacional &#8211; Servicio de cafeter\u00eda &#8211; Asesor\u00eda personalizada desde el lugar de<br \/>\nresidencia,cl\u00ednica,hospital omedicina legal.<\/li>\n<li>A) Cobertura para los abuelos biol\u00f3gicos. B) Cobertura del 100% del servicio funerario a nivel nacional. Periodo de<br \/>\ncarencia 90 d\u00edas. Sin l\u00edmite de edad, sin restricciones de salud,previamente inscrito.<\/li>\n<\/ul>\n","protected":false},"excerpt":{"rendered":"<ul>\n<li>Cofre f\u00fanebre especial 3 referencias &#8211; Sala de Velaci\u00f3n de lujo hasta 24 horas en funerarias<br \/>\ndel norte de Bogot\u00e1 o equivalentes a nivel nacional &#8211; Servicio de cafeter\u00eda &#8211; Asesor\u00eda personalizada desde el lugar de<br \/>\nresidencia,cl\u00ednica,hospital omedicina legal.<\/li>\n<li>A) Cobertura para los abuelos biol\u00f3gicos. B) Cobertura del 100% del servicio funerario a nivel nacional. Periodo de<br \/>\ncarencia 90 d\u00edas. Sin l\u00edmite de edad, sin restricciones de salud,previamente inscrito.<\/li>\n<\/ul>\n","protected":false},"featured_media":5578,"comment_status":"open","ping_status":"closed","template":"","meta":{"om_disable_all_campaigns":false,"_monsterinsights_skip_tracking":false,"_monsterinsights_sitenote_active":false,"_monsterinsights_sitenote_note":"","_monsterinsights_sitenote_category":0},"product_brand":[],"product_cat":[49,47,46,50,45,48],"product_tag":[],"class_list":{"0":"post-5574","1":"product","2":"type-product","3":"status-publish","4":"has-post-thumbnail","6":"product_cat-adultos","7":"product_cat-bogota","8":"product_cat-funebres","9":"product_cat-mayor","10":"product_cat-seguros","11":"product_cat-servicios","13":"first","14":"instock","15":"shipping-taxable","16":"purchasable","17":"product-type-simple"},"aioseo_notices":[],"_links":{"self":[{"href":"https:\/\/segurosruge.com\/index.php\/wp-json\/wp\/v2\/product\/5574","targetHints":{"allow":["GET"]}}],"collection":[{"href":"https:\/\/segurosruge.com\/index.php\/wp-json\/wp\/v2\/product"}],"about":[{"href":"https:\/\/segurosruge.com\/index.php\/wp-json\/wp\/v2\/types\/product"}],"replies":[{"embeddable":true,"href":"https:\/\/segurosruge.com\/index.php\/wp-json\/wp\/v2\/comments?post=5574"}],"wp:featuredmedia":[{"embeddable":true,"href":"https:\/\/segurosruge.com\/index.php\/wp-json\/wp\/v2\/media\/5578"}],"wp:attachment":[{"href":"https:\/\/segurosruge.com\/index.php\/wp-json\/wp\/v2\/media?parent=5574"}],"wp:term":[{"taxonomy":"product_brand","embeddable":true,"href":"https:\/\/segurosruge.com\/index.php\/wp-json\/wp\/v2\/product_brand?post=5574"},{"taxonomy":"product_cat","embeddable":true,"href":"https:\/\/segurosruge.com\/index.php\/wp-json\/wp\/v2\/product_cat?post=5574"},{"taxonomy":"product_tag","embeddable":true,"href":"https:\/\/segurosruge.com\/index.php\/wp-json\/wp\/v2\/product_tag?post=5574"}],"curies":[{"name":"wp","href":"https:\/\/api.w.org\/{rel}","templated":true}]}}