{"id":5562,"date":"2023-02-06T20:50:42","date_gmt":"2023-02-06T20:50:42","guid":{"rendered":"https:\/\/segurosruge.com\/?post_type=product&#038;p=5562"},"modified":"2023-02-06T22:56:47","modified_gmt":"2023-02-06T22:56:47","slug":"plan-gerencial-excelencia","status":"publish","type":"product","link":"https:\/\/segurosruge.com\/index.php\/product\/plan-gerencial-excelencia\/","title":{"rendered":"Asistencia Exequial PLAN GERENCIAL EXCELENCIA"},"content":{"rendered":"<ul>\n<li>Cofre f\u00fanebre dos referencias &#8211; Sala deVelaci\u00f3n semi-lujo hasta 24 horas.<\/li>\n<li>SERVICIOS FUNERARIOS: Tr\u00e1mites legales y notariales, traslado urbano al laboratorio, funeraria, iglesia y cementerio, arreglo del cuerpo, arreglo floral, servicio de cafeter\u00eda, carteles, veh\u00edculo para acompa\u00f1antes, ceremonia religiosa,traslado a\u00e9reo (no incluye vuelo charter) o terrestre entre dos localidades, para el cuerpo del fallecido.<\/li>\n<li>SERVICIO DE CEMENTERIO: Lote o b\u00f3veda por cuatro (4) a\u00f1os en cementerio, servicios de exhumaci\u00f3n y suministro de osario hasta por un valor de un (1) SMMLV en cementerios y su equivalente a nivel nacional. Esto dependedequeel clientetengacontrato vigentecon laempresayest\u00e9 ald\u00eda.<\/li>\n<li>SERVICIO DE CREMACION: El usuario podr\u00e1 optar por la cremaci\u00f3n \u00fanicamente en ciudades donde existe servicio local de horno crematorio (o en los casos estipulados por la ley, donde la cremaci\u00f3n como \u00fanica alternativa) la cual est\u00e1 compuesta de los siguientes elementos:Cremaci\u00f3n, urna para cenizas y cenizario hasta por 1 SMMLV.<\/li>\n<\/ul>\n","protected":false},"excerpt":{"rendered":"<ul>\n<li>Cofre f\u00fanebre dos referencias &#8211; Sala deVelaci\u00f3n semi-lujo hasta 24 horas.<\/li>\n<\/ul>\n","protected":false},"featured_media":5566,"comment_status":"open","ping_status":"closed","template":"","meta":{"om_disable_all_campaigns":false,"_monsterinsights_skip_tracking":false,"_monsterinsights_sitenote_active":false,"_monsterinsights_sitenote_note":"","_monsterinsights_sitenote_category":0},"product_brand":[],"product_cat":[15],"product_tag":[],"class_list":{"0":"post-5562","1":"product","2":"type-product","3":"status-publish","4":"has-post-thumbnail","6":"product_cat-uncategorized","8":"first","9":"instock","10":"shipping-taxable","11":"purchasable","12":"product-type-simple"},"aioseo_notices":[],"_links":{"self":[{"href":"https:\/\/segurosruge.com\/index.php\/wp-json\/wp\/v2\/product\/5562","targetHints":{"allow":["GET"]}}],"collection":[{"href":"https:\/\/segurosruge.com\/index.php\/wp-json\/wp\/v2\/product"}],"about":[{"href":"https:\/\/segurosruge.com\/index.php\/wp-json\/wp\/v2\/types\/product"}],"replies":[{"embeddable":true,"href":"https:\/\/segurosruge.com\/index.php\/wp-json\/wp\/v2\/comments?post=5562"}],"wp:featuredmedia":[{"embeddable":true,"href":"https:\/\/segurosruge.com\/index.php\/wp-json\/wp\/v2\/media\/5566"}],"wp:attachment":[{"href":"https:\/\/segurosruge.com\/index.php\/wp-json\/wp\/v2\/media?parent=5562"}],"wp:term":[{"taxonomy":"product_brand","embeddable":true,"href":"https:\/\/segurosruge.com\/index.php\/wp-json\/wp\/v2\/product_brand?post=5562"},{"taxonomy":"product_cat","embeddable":true,"href":"https:\/\/segurosruge.com\/index.php\/wp-json\/wp\/v2\/product_cat?post=5562"},{"taxonomy":"product_tag","embeddable":true,"href":"https:\/\/segurosruge.com\/index.php\/wp-json\/wp\/v2\/product_tag?post=5562"}],"curies":[{"name":"wp","href":"https:\/\/api.w.org\/{rel}","templated":true}]}}